{"id":11,"date":"2023-08-08T08:49:29","date_gmt":"2023-08-08T06:49:29","guid":{"rendered":"https:\/\/igelhilfe-langfoerden.de\/?page_id=11"},"modified":"2025-09-03T10:44:47","modified_gmt":"2025-09-03T08:44:47","slug":"start","status":"publish","type":"page","link":"https:\/\/igelhilfe-langfoerden.de\/","title":{"rendered":"Willkommen bei der Igelhilfe Langf\u00f6rden e. V.! \ud83e\udd94\ud83d\udc9a"},"content":{"rendered":"<div id=\"sp-page\" class=\"spBgcover sp-content-4\" style=\"background-color: #ffffff; font-family: 'Helvetica Neue', Arial, sans-serif; font-weight: 400;\">\n<section id=\"sp-ks8a8s\" class=\"sp-el-section \" style=\"width: 600px; max-width: 100%; padding: 10px;\" data-mobile-visibility=\"#sp-ks8a8s|false\" data-desktop-visibility=\"#sp-ks8a8s|false\" data-mobile-css=\"\">\n<div id=\"sp-vw3kvy\" class=\"sp-el-row sm:sp-flex sp-w-full  sp-m-auto sp-justify-between\" style=\"padding: 0px; width: auto; max-width: 1000px;\" data-mobile-visibility=\"#sp-vw3kvy|false\" data-desktop-visibility=\"#sp-vw3kvy|false\" data-mobile-css=\"\">\n<div id=\"sp-ggzp6w\" class=\"sp-el-col  sp-w-full\" style=\"width: calc(100% - 0px);\" data-mobile-visibility=\"#sp-ggzp6w|false\" data-desktop-visibility=\"#sp-ggzp6w|false\" data-mobile-css=\"\">Sch\u00f6n, dass Du den Weg zu uns gefunden hast! Unsere Homepage ist noch ganz frisch und derzeit im Aufbau \u2013 also bitte nicht wundern, wenn hier und da noch Baustellen zu sehen sind. Wir arbeiten mit Hochdruck daran, Dir bald alle Infos rund um unsere Stachelritter-Hilfe \u00fcbersichtlich und vollst\u00e4ndig bereitzustellen.Bis es soweit ist, laden wir Dich herzlich ein, uns auf <a href=\"https:\/\/www.instagram.com\/igelhilfeanimalfriendslangf\" target=\"_blank\" rel=\"noopener\"><strong>Instagram<\/strong><\/a> und <a href=\"https:\/\/www.facebook.com\/igelhilfelangfoerden\" target=\"_blank\" rel=\"noopener\"><strong>Facebook<\/strong><\/a> zu besuchen. Dort halten wir Dich regelm\u00e4\u00dfig mit spannenden Einblicken in unsere Arbeit, aktuellen Projekten und nat\u00fcrlich niedlichen Igelbildern auf dem Laufenden.Vielen Dank f\u00fcr Dein Interesse und Deine Unterst\u00fctzung \u2013 die Igel von Langf\u00f6rden und wir freuen uns \u00fcber jeden Besuch und jedes Like! \ud83d\ude4c<\/p>\n<p>Herzliche Gr\u00fc\u00dfe,<br \/>Ihr Team der Igelhilfe Langf\u00f6rden e. V.<\/p>\n<div id=\"jdj1i9\" class=\"sp-css-target sp-text-wrapper sp-el-block sp-text-wrapper-jdj1i9 mce-content-body html4-captions\" style=\"font-size: 16px; color: #321b26; margin: 0px; text-align: center; position: relative;\" data-mobile-css=\".sp-text-wrapper-jdj1i9, #sp-jdj1i9, #jdj1i9|text-align:left;\" data-mobile-visibility=\".sp-text-wrapper-jdj1i9|false\" data-desktop-visibility=\".sp-text-wrapper-jdj1i9|false\">\u00a0<\/div>\n<p style=\"text-align: center;\">\n<\/div>\n<\/div>\n<\/section>\n<\/div>\n\n\n<figure class=\"wp-block-image size-large\"><img loading=\"lazy\" decoding=\"async\" width=\"993\" height=\"1325\" src=\"https:\/\/igelhilfe-langfoerden.de\/wp-content\/uploads\/2025\/09\/5-edited.jpg\" alt=\"\" class=\"wp-image-145\" srcset=\"https:\/\/igelhilfe-langfoerden.de\/wp-content\/uploads\/2025\/09\/5-edited.jpg 993w, https:\/\/igelhilfe-langfoerden.de\/wp-content\/uploads\/2025\/09\/5-edited-225x300.jpg 225w, https:\/\/igelhilfe-langfoerden.de\/wp-content\/uploads\/2025\/09\/5-edited-767x1024.jpg 767w, https:\/\/igelhilfe-langfoerden.de\/wp-content\/uploads\/2025\/09\/5-edited-768x1025.jpg 768w\" sizes=\"auto, (max-width: 993px) 100vw, 993px\" \/><\/figure>\n","protected":false},"excerpt":{"rendered":"<p>Sch\u00f6n, dass Du den Weg zu uns gefunden hast! Unsere Homepage ist noch ganz frisch und derzeit im Aufbau \u2013 also bitte nicht wundern, wenn&#8230;<\/p>\n<div class=\"more-link-wrapper\"><a class=\"more-link\" href=\"https:\/\/igelhilfe-langfoerden.de\/\">Weiterlesen<span class=\"screen-reader-text\">Willkommen bei der Igelhilfe Langf\u00f6rden e. V.! \ud83e\udd94\ud83d\udc9a<\/span><\/a><\/div>\n","protected":false},"author":1,"featured_media":0,"parent":0,"menu_order":1,"comment_status":"closed","ping_status":"closed","template":"","meta":{"iawp_total_views":1378,"footnotes":""},"class_list":["post-11","page","type-page","status-publish","hentry","entry"],"_links":{"self":[{"href":"https:\/\/igelhilfe-langfoerden.de\/index.php?rest_route=\/wp\/v2\/pages\/11","targetHints":{"allow":["GET"]}}],"collection":[{"href":"https:\/\/igelhilfe-langfoerden.de\/index.php?rest_route=\/wp\/v2\/pages"}],"about":[{"href":"https:\/\/igelhilfe-langfoerden.de\/index.php?rest_route=\/wp\/v2\/types\/page"}],"author":[{"embeddable":true,"href":"https:\/\/igelhilfe-langfoerden.de\/index.php?rest_route=\/wp\/v2\/users\/1"}],"replies":[{"embeddable":true,"href":"https:\/\/igelhilfe-langfoerden.de\/index.php?rest_route=%2Fwp%2Fv2%2Fcomments&post=11"}],"version-history":[{"count":17,"href":"https:\/\/igelhilfe-langfoerden.de\/index.php?rest_route=\/wp\/v2\/pages\/11\/revisions"}],"predecessor-version":[{"id":146,"href":"https:\/\/igelhilfe-langfoerden.de\/index.php?rest_route=\/wp\/v2\/pages\/11\/revisions\/146"}],"wp:attachment":[{"href":"https:\/\/igelhilfe-langfoerden.de\/index.php?rest_route=%2Fwp%2Fv2%2Fmedia&parent=11"}],"curies":[{"name":"wp","href":"https:\/\/api.w.org\/{rel}","templated":true}]}}