{"id":57,"date":"2024-11-06T13:07:59","date_gmt":"2024-11-06T12:07:59","guid":{"rendered":"https:\/\/igelhilfe-langfoerden.de\/?page_id=57"},"modified":"2025-11-24T10:36:08","modified_gmt":"2025-11-24T09:36:08","slug":"unser-verein","status":"publish","type":"page","link":"https:\/\/igelhilfe-langfoerden.de\/?page_id=57","title":{"rendered":"Unser Verein \ud83e\udd1d"},"content":{"rendered":"\n<p>Unser Verein wurde im M\u00e4rz 2023 gegr\u00fcndet und widmet sich mit Leidenschaft der Pflege hilfsbed\u00fcrftiger Igel und dem Schutz der Wildbienen.<\/p>\n\n\n\n<h3 class=\"wp-block-heading\"><strong>Unser Team<\/strong><\/h3>\n\n\n\n<ul class=\"wp-block-list\">\n<li><strong>Petra Bruns<\/strong>, unsere 1. Vorsitzende, ist schon seit vielen Jahren ehrenamtlich in der Igelpflege t\u00e4tig. Die Igelstation ist ihr pers\u00f6nliches Herzensprojekt.<\/li>\n\n\n\n<li><strong>Tanja Korf<\/strong>, die 2. Vorsitzende, unterst\u00fctzt Petra tatkr\u00e4ftig und bringt ebenfalls umfangreiche Erfahrung in der Igelpflege mit. Gemeinsam bilden sie unser Dream Team in der Igelversorgung.<\/li>\n\n\n\n<li>Unsere Vereinsmitglieder stehen den beiden zur Seite und helfen, unsere Mission zu erf\u00fcllen.<\/li>\n<\/ul>\n\n\n\n<figure class=\"wp-block-gallery has-nested-images columns-default is-cropped wp-block-gallery-1 is-layout-flex wp-block-gallery-is-layout-flex\">\n<figure class=\"wp-block-image size-large is-style-default\"><img loading=\"lazy\" decoding=\"async\" width=\"1024\" height=\"768\" data-id=\"107\" src=\"https:\/\/igelhilfe-langfoerden.de\/wp-content\/uploads\/2024\/11\/Image.jpeg\" alt=\"\" class=\"wp-image-107\" srcset=\"https:\/\/igelhilfe-langfoerden.de\/wp-content\/uploads\/2024\/11\/Image.jpeg 1024w, https:\/\/igelhilfe-langfoerden.de\/wp-content\/uploads\/2024\/11\/Image-300x225.jpeg 300w, https:\/\/igelhilfe-langfoerden.de\/wp-content\/uploads\/2024\/11\/Image-768x576.jpeg 768w\" sizes=\"auto, (max-width: 1024px) 100vw, 1024px\" \/><\/figure>\n<\/figure>\n\n\n\n<h3 class=\"wp-block-heading\"><strong>Unsere Aktivit\u00e4ten<\/strong><\/h3>\n\n\n\n<p>Wir m\u00f6chten nicht nur helfen, sondern auch Wissen teilen:<\/p>\n\n\n\n<ul class=\"wp-block-list\">\n<li><strong>Kinderg\u00e4rten und Schulen<\/strong>: Wir besuchen auf Anfrage gerne Einrichtungen, um Kindern die faszinierende Welt der Igel n\u00e4herzubringen.<\/li>\n\n\n\n<li><strong>Vortr\u00e4ge und Infoabende<\/strong>: F\u00fcr Interessierte bieten wir regelm\u00e4\u00dfig Veranstaltungen an, bei denen wir \u00fcber die Pflege von Igeln und den Schutz der Umwelt sprechen.<\/li>\n<\/ul>\n\n\n\n<figure class=\"wp-block-image size-full\"><img loading=\"lazy\" decoding=\"async\" width=\"768\" height=\"1024\" src=\"https:\/\/igelhilfe-langfoerden.de\/wp-content\/uploads\/2024\/11\/Image-2.jpeg\" alt=\"\" class=\"wp-image-110\" srcset=\"https:\/\/igelhilfe-langfoerden.de\/wp-content\/uploads\/2024\/11\/Image-2.jpeg 768w, https:\/\/igelhilfe-langfoerden.de\/wp-content\/uploads\/2024\/11\/Image-2-225x300.jpeg 225w\" sizes=\"auto, (max-width: 768px) 100vw, 768px\" \/><figcaption class=\"wp-element-caption\">Tag der Vereine in Vechta <\/figcaption><\/figure>\n\n\n\n<h3 class=\"wp-block-heading\"><strong>F\u00fcr unsere Wildbienen<\/strong><\/h3>\n\n\n\n<p>Unser Experte f\u00fcr Wildbienen, <strong>Markus Drucks<\/strong>, verf\u00fcgt \u00fcber umfangreiches Wissen und teilt seine Leidenschaft gerne mit allen Interessierten. Wildbienen sind wahre \u00dcberlebensk\u00fcnstler, und unser Ziel ist es, ihren Bestand zu f\u00f6rdern und Lebensr\u00e4ume f\u00fcr sie zu schaffen und zu erhalten.<\/p>\n\n\n\n<ul class=\"wp-block-list\">\n<li><strong>Bl\u00fchfl\u00e4chen und G\u00e4rten f\u00fcr Insekten<\/strong>: Um dem Insektensterben entgegenzuwirken, informieren wir gerne \u00fcber bienen- und insektenfreundliche Pflanzen. Ein bl\u00fchender Garten, der summt und lebt, ist nicht nur f\u00fcr die Natur wertvoll, sondern auch ein Ort der Erholung f\u00fcr uns alle.<\/li>\n<\/ul>\n\n\n\n<h3 class=\"wp-block-heading\"><strong>Unsere Ziele und Werte<\/strong><\/h3>\n\n\n\n<p>Wir setzen uns ein f\u00fcr:<\/p>\n\n\n\n<ul class=\"wp-block-list\">\n<li><strong>Umweltschutz<\/strong><\/li>\n\n\n\n<li><strong>Tierschutz<\/strong><\/li>\n\n\n\n<li><strong>Pflege hilfebed\u00fcrftiger Igel<\/strong><\/li>\n<\/ul>\n\n\n\n<h3 class=\"wp-block-heading\"><strong>Gemeinsam f\u00fcr unsere Umwelt<\/strong><\/h3>\n\n\n\n<p>Wir brauchen eure Unterst\u00fctzung! Macht mit und helft uns, achtsam mit unserer Umwelt, den Tieren und unseren Mitmenschen umzugehen. Gemeinsam k\u00f6nnen wir Gro\u00dfes erreichen.<\/p>\n\n\n\n<p><strong>Helft uns, damit wir helfen k\u00f6nnen.<\/strong><\/p>\n","protected":false},"excerpt":{"rendered":"<p>Unser Verein wurde im M\u00e4rz 2023 gegr\u00fcndet und widmet sich mit Leidenschaft der Pflege hilfsbed\u00fcrftiger Igel und dem Schutz der Wildbienen. Unser Team Unsere Aktivit\u00e4ten&#8230;<\/p>\n<div class=\"more-link-wrapper\"><a class=\"more-link\" href=\"https:\/\/igelhilfe-langfoerden.de\/?page_id=57\">Weiterlesen<span class=\"screen-reader-text\">Unser Verein \ud83e\udd1d<\/span><\/a><\/div>\n","protected":false},"author":1,"featured_media":0,"parent":0,"menu_order":3,"comment_status":"closed","ping_status":"closed","template":"","meta":{"iawp_total_views":500,"footnotes":""},"class_list":["post-57","page","type-page","status-publish","hentry","entry"],"_links":{"self":[{"href":"https:\/\/igelhilfe-langfoerden.de\/index.php?rest_route=\/wp\/v2\/pages\/57","targetHints":{"allow":["GET"]}}],"collection":[{"href":"https:\/\/igelhilfe-langfoerden.de\/index.php?rest_route=\/wp\/v2\/pages"}],"about":[{"href":"https:\/\/igelhilfe-langfoerden.de\/index.php?rest_route=\/wp\/v2\/types\/page"}],"author":[{"embeddable":true,"href":"https:\/\/igelhilfe-langfoerden.de\/index.php?rest_route=\/wp\/v2\/users\/1"}],"replies":[{"embeddable":true,"href":"https:\/\/igelhilfe-langfoerden.de\/index.php?rest_route=%2Fwp%2Fv2%2Fcomments&post=57"}],"version-history":[{"count":8,"href":"https:\/\/igelhilfe-langfoerden.de\/index.php?rest_route=\/wp\/v2\/pages\/57\/revisions"}],"predecessor-version":[{"id":153,"href":"https:\/\/igelhilfe-langfoerden.de\/index.php?rest_route=\/wp\/v2\/pages\/57\/revisions\/153"}],"wp:attachment":[{"href":"https:\/\/igelhilfe-langfoerden.de\/index.php?rest_route=%2Fwp%2Fv2%2Fmedia&parent=57"}],"curies":[{"name":"wp","href":"https:\/\/api.w.org\/{rel}","templated":true}]}}