{"id":68,"date":"2024-11-06T13:20:34","date_gmt":"2024-11-06T12:20:34","guid":{"rendered":"https:\/\/igelhilfe-langfoerden.de\/?page_id=68"},"modified":"2025-09-03T10:49:31","modified_gmt":"2025-09-03T08:49:31","slug":"mitglied-werden","status":"publish","type":"page","link":"https:\/\/igelhilfe-langfoerden.de\/?page_id=68","title":{"rendered":"Werde Mitglied \u270d\ufe0f"},"content":{"rendered":"\n<p><strong>Werde Mitglied und hilf uns, Igeln eine Zukunft zu geben!<\/strong><\/p>\n\n\n\n<p>Igel stehen vor vielen Herausforderungen: Ihr Lebensraum schwindet, Nahrung wird knapp, und Gefahren durch menschliche Einfl\u00fcsse setzen ihnen zu. Genau hier kommst <strong>du<\/strong> ins Spiel!<\/p>\n\n\n\n<p>In unserem Verein setzen wir uns mit Herzblut f\u00fcr den Schutz und die Pflege hilfsbed\u00fcrftiger Igel ein. Gemeinsam retten wir verletzte und schwache Tiere, helfen jungen Igeln, die allein nicht \u00fcberleben k\u00f6nnten, und setzen uns f\u00fcr einen naturfreundlicheren Lebensraum ein. Doch daf\u00fcr brauchen wir <strong>dich<\/strong>!<\/p>\n\n\n\n<p><strong>Warum deine Mitgliedschaft wichtig ist<\/strong><\/p>\n\n\n\n<p>Mit deiner Unterst\u00fctzung machst du einen echten Unterschied. Als Mitglied leistest du nicht nur einen wertvollen Beitrag, sondern wirst Teil einer engagierten Gemeinschaft, die sich aktiv f\u00fcr den Igelschutz einsetzt. Mit deinem Beitrag k\u00f6nnen wir:<\/p>\n\n\n\n<ul class=\"wp-block-list\">\n<li><strong>Igel-Pflegeprojekte aufrechterhalten und weiterentwickeln<\/strong>,<\/li>\n\n\n\n<li><strong>Lebensr\u00e4ume f\u00fcr Igel schaffen und sichern<\/strong> \u2013 in G\u00e4rten, Parks und Gr\u00fcnfl\u00e4chen,<\/li>\n\n\n\n<li><strong>Aufkl\u00e4rungsarbeit leisten<\/strong> \u2013 mehr Menschen erreichen und \u00fcber die Bed\u00fcrfnisse der Igel informieren,<\/li>\n\n\n\n<li><strong>Veranstaltungen und Infoabende anbieten<\/strong>, um das Bewusstsein f\u00fcr Igel- und Naturschutz zu f\u00f6rdern.<\/li>\n<\/ul>\n\n\n\n<p><strong>Deine Vorteile als Mitglied<\/strong><\/p>\n\n\n\n<ul class=\"wp-block-list\">\n<li><strong>Blicke hinter die Kulissen<\/strong>: Erlebe die Arbeit in unserer Igelstation hautnah und lerne von erfahrenen Igelsch\u00fctzern.<\/li>\n\n\n\n<li><strong>Workshops und Events<\/strong>: Nimm an interessanten Veranstaltungen und Schulungen teil, die dich inspirieren und dir wertvolles Wissen \u00fcber Igel und Naturschutz vermitteln.<\/li>\n\n\n\n<li><strong>Gemeinschaft erleben<\/strong>: Triff andere engagierte Menschen und werde Teil unseres Teams.<\/li>\n<\/ul>\n\n\n\n<p><strong>Gemeinsam sind wir st\u00e4rker<\/strong><\/p>\n\n\n\n<p>Jede Mitgliedschaft z\u00e4hlt und bringt uns n\u00e4her an unser Ziel: eine sichere Welt f\u00fcr Igel und ein achtsames Miteinander in der Natur.<\/p>\n\n\n\n<p><strong>Werde jetzt Mitglied und gestalte aktiv mit \u2013 f\u00fcr eine bessere Umwelt und eine sichere Zukunft unserer Igel!<\/strong><\/p>\n\n\n\n<div class=\"wp-block-file\"><a id=\"wp-block-file--media-fa682697-ece0-4cf3-be6d-3b913186f878\" href=\"https:\/\/igelhilfe-langfoerden.de\/wp-content\/uploads\/2025\/09\/Mitgliedsantrag-Igelhilfe.pdf\">Mitgliedsantrag Igelhilfe<\/a><a href=\"https:\/\/igelhilfe-langfoerden.de\/wp-content\/uploads\/2025\/09\/Mitgliedsantrag-Igelhilfe.pdf\" class=\"wp-block-file__button wp-element-button\" download aria-describedby=\"wp-block-file--media-fa682697-ece0-4cf3-be6d-3b913186f878\">Herunterladen<\/a><\/div>\n\n\n\n<p><\/p>\n","protected":false},"excerpt":{"rendered":"<p>Werde Mitglied und hilf uns, Igeln eine Zukunft zu geben! Igel stehen vor vielen Herausforderungen: Ihr Lebensraum schwindet, Nahrung wird knapp, und Gefahren durch menschliche&#8230;<\/p>\n<div class=\"more-link-wrapper\"><a class=\"more-link\" href=\"https:\/\/igelhilfe-langfoerden.de\/?page_id=68\">Weiterlesen<span class=\"screen-reader-text\">Werde Mitglied \u270d\ufe0f<\/span><\/a><\/div>\n","protected":false},"author":1,"featured_media":0,"parent":0,"menu_order":6,"comment_status":"closed","ping_status":"closed","template":"","meta":{"iawp_total_views":195,"footnotes":""},"class_list":["post-68","page","type-page","status-publish","hentry","entry"],"_links":{"self":[{"href":"https:\/\/igelhilfe-langfoerden.de\/index.php?rest_route=\/wp\/v2\/pages\/68","targetHints":{"allow":["GET"]}}],"collection":[{"href":"https:\/\/igelhilfe-langfoerden.de\/index.php?rest_route=\/wp\/v2\/pages"}],"about":[{"href":"https:\/\/igelhilfe-langfoerden.de\/index.php?rest_route=\/wp\/v2\/types\/page"}],"author":[{"embeddable":true,"href":"https:\/\/igelhilfe-langfoerden.de\/index.php?rest_route=\/wp\/v2\/users\/1"}],"replies":[{"embeddable":true,"href":"https:\/\/igelhilfe-langfoerden.de\/index.php?rest_route=%2Fwp%2Fv2%2Fcomments&post=68"}],"version-history":[{"count":5,"href":"https:\/\/igelhilfe-langfoerden.de\/index.php?rest_route=\/wp\/v2\/pages\/68\/revisions"}],"predecessor-version":[{"id":149,"href":"https:\/\/igelhilfe-langfoerden.de\/index.php?rest_route=\/wp\/v2\/pages\/68\/revisions\/149"}],"wp:attachment":[{"href":"https:\/\/igelhilfe-langfoerden.de\/index.php?rest_route=%2Fwp%2Fv2%2Fmedia&parent=68"}],"curies":[{"name":"wp","href":"https:\/\/api.w.org\/{rel}","templated":true}]}}